{"id":15,"date":"2021-10-18T08:38:08","date_gmt":"2021-10-18T06:38:08","guid":{"rendered":"http:\/\/www.gullholmsbaden.se\/?page_id=15"},"modified":"2026-02-12T10:43:12","modified_gmt":"2026-02-12T09:43:12","slug":"boende","status":"publish","type":"page","link":"https:\/\/www.gullholmsbaden.se\/?page_id=15","title":{"rendered":"Boende"},"content":{"rendered":"\r\n<p><!--themify_builder_static--><h1>Boende<br\/><\/h1>\r\n<h5>V\u00e4lkomna att hyra n\u00e5gon av v\u00e5ra 69 fullt utrustade stugor p\u00e5 underbara Gullholmen. Boka i tid och njut ett havsn\u00e4ra boende!<\/h5>\r\n<h2>V\u00e5ra stugor<\/h2>\r\n<img loading=\"lazy\" decoding=\"async\" src=\"https:\/\/www.gullholmsbaden.se\/excelsior\/wp-content\/uploads\/2025\/06\/1740-scaled.jpg\" width=\"2560\" height=\"1707\">\r\n<a href=\"https:\/\/www.gullholmsbaden.se\/?page_id=6269\" > L\u00e4s mer <\/a>\r\n<img loading=\"lazy\" decoding=\"async\" src=\"https:\/\/www.gullholmsbaden.se\/excelsior\/wp-content\/uploads\/2025\/06\/Praktisk-information.png\" width=\"250\" height=\"250\">\r\n<a href=\"https:\/\/www.gullholmsbaden.se\/?page_id=6259\" > L\u00e4s mer <\/a>\r\n<img loading=\"lazy\" decoding=\"async\" src=\"https:\/\/www.gullholmsbaden.se\/excelsior\/wp-content\/uploads\/2025\/06\/Bokning.png\" width=\"250\" height=\"250\">\r\n<a href=\"https:\/\/www.gullholmsbaden.se\/?page_id=6273\" > Boka h\u00e4r <\/a><!--\/themify_builder_static--><\/p>\r\n\r\n<p>&nbsp;<\/p>","protected":false},"excerpt":{"rendered":"<p>&nbsp;<\/p>\n","protected":false},"author":1,"featured_media":0,"parent":0,"menu_order":0,"comment_status":"closed","ping_status":"closed","template":"","meta":{"footnotes":""},"class_list":["post-15","page","type-page","status-publish","hentry","has-post-title","has-post-date","has-post-category","has-post-tag","has-post-comment","has-post-author",""],"_links":{"self":[{"href":"https:\/\/www.gullholmsbaden.se\/index.php?rest_route=\/wp\/v2\/pages\/15","targetHints":{"allow":["GET"]}}],"collection":[{"href":"https:\/\/www.gullholmsbaden.se\/index.php?rest_route=\/wp\/v2\/pages"}],"about":[{"href":"https:\/\/www.gullholmsbaden.se\/index.php?rest_route=\/wp\/v2\/types\/page"}],"author":[{"embeddable":true,"href":"https:\/\/www.gullholmsbaden.se\/index.php?rest_route=\/wp\/v2\/users\/1"}],"replies":[{"embeddable":true,"href":"https:\/\/www.gullholmsbaden.se\/index.php?rest_route=%2Fwp%2Fv2%2Fcomments&post=15"}],"version-history":[{"count":172,"href":"https:\/\/www.gullholmsbaden.se\/index.php?rest_route=\/wp\/v2\/pages\/15\/revisions"}],"predecessor-version":[{"id":7886,"href":"https:\/\/www.gullholmsbaden.se\/index.php?rest_route=\/wp\/v2\/pages\/15\/revisions\/7886"}],"wp:attachment":[{"href":"https:\/\/www.gullholmsbaden.se\/index.php?rest_route=%2Fwp%2Fv2%2Fmedia&parent=15"}],"curies":[{"name":"wp","href":"https:\/\/api.w.org\/{rel}","templated":true}]}}