{"id":31,"date":"2021-10-18T08:40:29","date_gmt":"2021-10-18T06:40:29","guid":{"rendered":"http:\/\/www.gullholmsbaden.se\/?page_id=31"},"modified":"2026-04-04T19:22:26","modified_gmt":"2026-04-04T17:22:26","slug":"hem","status":"publish","type":"page","link":"https:\/\/www.gullholmsbaden.se\/","title":{"rendered":"Hem"},"content":{"rendered":"\r\n<p><!--themify_builder_static--><h1>Gullholmsbaden<br\/><\/h1>\n<h2>Gullholmsbaden &#8211; Sk\u00e4rg\u00e5rdsn\u00e4ra stugby med havet som granne<br\/><\/h2>\n<p style=\"text-align: center;\">Receptionens \u00f6ppettider<\/p> <p style=\"text-align: center;\">M\u00e5ndag &#8211; Torsdag: 9.00-15.00<br>Lunchst\u00e4ngt: 11.30-12.00<br>L\u00e5ngfredag, P\u00e5skafton, P\u00e5skdagen, Annandag P\u00e5sk:&nbsp; ST\u00c4NGT!<\/p><h2 style=\"text-align: center;\">OBS! RESTAURANGEN ST\u00c4NGD IMORGON P\u00c5SKDAGEN 5\/4 PGA. OV\u00c4DRET!<\/h2> <p data-start=\"77\" data-end=\"154\"><strong data-start=\"77\" data-end=\"154\">V\u00e4lkommen till Gullholmsbaden &#8211; en sk\u00e4rg\u00e5rdsoas f\u00f6r boende, mat och m\u00f6ten<\/strong><\/p> <p data-start=\"156\" data-end=\"386\">Gullholmsbaden \u00e4r en unik destination i hj\u00e4rtat av Bohusl\u00e4ns sk\u00e4rg\u00e5rd, d\u00e4r havet m\u00f6ter avkoppling \u00e5ret om. Med 69 fullt utrustade stugor erbjuder vi boende med n\u00e4rhet till hav och natur.<\/p> <p data-start=\"388\" data-end=\"553\">H\u00e4r finns utm\u00e4rkta konferensm\u00f6jligheter \u00e5ret runt, liksom m\u00f6jligheten att avnjuta h\u00f6gklassiga m\u00e5ltider i en avslappnad milj\u00f6 &#8211; alltid till konkurrenskraftiga priser.<\/p> <p data-start=\"555\" data-end=\"788\">V\u00e5rt k\u00f6k fokuserar p\u00e5 mat lagad fr\u00e5n grunden med noggrant utvalda r\u00e5varor. En s\u00e4rskild favorit \u00e4r v\u00e5r omtalade r\u00e4ksm\u00f6rg\u00e5s &#8211; en smakupplevelse ut\u00f6ver det vanliga.<\/p> <p data-start=\"790\" data-end=\"980\">Hos oss kan du koppla av i en natursk\u00f6n milj\u00f6, ta ett dopp vid den n\u00e4rliggande stranden, spela minigolf och under h\u00f6gs\u00e4song delta i v\u00e5ra uppskattade kv\u00e4llsaktiviteter som pubquiz och livemusik.<\/p> <p data-start=\"1057\" data-end=\"1103\" data-is-last-node=\"\" data-is-only-node=\"\"><strong data-start=\"1057\" data-end=\"1103\" data-is-last-node=\"\">Gullholmsbaden &#8211; din sk\u00e4rg\u00e5rdsdr\u00f6m v\u00e4ntar<\/strong><\/p> <figure id=\"attachment_7895\" style=\"width: 457px;\" aria-describedby=\"caption-attachment-7895\"> <figcaption id=\"caption-attachment-7895\"><\/figcaption> <figcaption id=\"caption-attachment-7895\"><\/figcaption> <figcaption id=\"caption-attachment-7895\">\u00d6PPET HUS P\u00c5 GULLHOLMSBADEN<\/figcaption> <figcaption id=\"caption-attachment-7895\">S\u00f6ndagen den 26 april 13.00-16.00 v\u00e4lkomnar vi Dig f\u00f6r ett \u00f6ppet husevent.<\/figcaption> <figcaption id=\"caption-attachment-7895\">Uppt\u00e4ck den magiska milj\u00f6n och m\u00f6t v\u00e5rt team.<\/figcaption> <figcaption id=\"caption-attachment-7895\">L\u00e5t dig inspireras till fest, kick off, konferens, f\u00f6delsedagsfirande eller varf\u00f6r inte br\u00f6llop.<\/figcaption> <figcaption id=\"caption-attachment-7895\">Vi har med oss v\u00e5ra samarbetspartners som ber\u00e4ttar mer om vad vi kan g\u00f6ra just Ert event till ett of\u00f6rgl\u00f6mligt minne.<\/figcaption> <figcaption id=\"caption-attachment-7895\">Kom f\u00f6rbi och njut lite &#8211; anm\u00e4l dig till eventet:&nbsp;<\/figcaption> <figcaption id=\"caption-attachment-7895\">gullholmen@hsb.se<\/figcaption> <figcaption id=\"caption-attachment-7895\">&nbsp;<img loading=\"lazy\" decoding=\"async\" style=\"font-size: 1.1em;\" title=\"fc3b1dd7-0790-4545-8737-e814cb67b14d\" src=\"https:\/\/www.gullholmsbaden.se\/wp-content\/uploads\/2026\/03\/fc3b1dd7-0790-4545-8737-e814cb67b14d.jpg\" alt=\"fc3b1dd7-0790-4545-8737-e814cb67b14d\" width=\"414\" height=\"538\"><\/figcaption> <\/figure>\n<h1>Nyheter<br\/><\/h1>\n<a href=\"https:\/\/www.gullholmsbaden.se\/?page_id=15\"> <img loading=\"lazy\" decoding=\"async\" src=\"https:\/\/www.gullholmsbaden.se\/excelsior\/wp-content\/uploads\/2025\/06\/Boende.png\" width=\"1024\" height=\"1024\"> <\/a>\n<a href=\"https:\/\/www.gullholmsbaden.se\/?page_id=19\"> <img loading=\"lazy\" decoding=\"async\" src=\"https:\/\/www.gullholmsbaden.se\/excelsior\/wp-content\/uploads\/2025\/06\/Restaurang.png\" width=\"1024\" height=\"1024\"> <\/a>\n<a href=\"https:\/\/www.gullholmsbaden.se\/?page_id=17\"> <img loading=\"lazy\" decoding=\"async\" src=\"https:\/\/www.gullholmsbaden.se\/excelsior\/wp-content\/uploads\/2025\/06\/Konferens.png\" width=\"1024\" height=\"1024\"> <\/a>\n<a href=\"https:\/\/www.gullholmsbaden.se\/?page_id=360\"> <img loading=\"lazy\" decoding=\"async\" src=\"https:\/\/www.gullholmsbaden.se\/excelsior\/wp-content\/uploads\/2025\/06\/Aktiviteter.png\" width=\"1024\" height=\"1024\"> <\/a>\n<a href=\"#\" data-type=\"facebook\"> <em><svg aria-label=\"Facebook\" role=\"img\"><use href=\"#tf-ti-facebook\"><\/use><\/svg><\/em> <\/a> <a href=\"#\" data-type=\"twitter\"> <em><svg aria-label=\"Twitter\" role=\"img\"><use href=\"#tf-fab-x-twitter\"><\/use><\/svg><\/em> <\/a> <a href=\"#\" data-type=\"email\"> <em><svg aria-label=\"Email\" role=\"img\"><use href=\"#tf-ti-email\"><\/use><\/svg><\/em> <\/a><!--\/themify_builder_static--><\/p>\r\n\r\n<p>&nbsp;<\/p>","protected":false},"excerpt":{"rendered":"<p>&nbsp;<\/p>\n","protected":false},"author":1,"featured_media":0,"parent":0,"menu_order":0,"comment_status":"closed","ping_status":"closed","template":"","meta":{"footnotes":""},"class_list":["post-31","page","type-page","status-publish","hentry","has-post-title","has-post-date","has-post-category","has-post-tag","has-post-comment","has-post-author",""],"_links":{"self":[{"href":"https:\/\/www.gullholmsbaden.se\/index.php?rest_route=\/wp\/v2\/pages\/31","targetHints":{"allow":["GET"]}}],"collection":[{"href":"https:\/\/www.gullholmsbaden.se\/index.php?rest_route=\/wp\/v2\/pages"}],"about":[{"href":"https:\/\/www.gullholmsbaden.se\/index.php?rest_route=\/wp\/v2\/types\/page"}],"author":[{"embeddable":true,"href":"https:\/\/www.gullholmsbaden.se\/index.php?rest_route=\/wp\/v2\/users\/1"}],"replies":[{"embeddable":true,"href":"https:\/\/www.gullholmsbaden.se\/index.php?rest_route=%2Fwp%2Fv2%2Fcomments&post=31"}],"version-history":[{"count":449,"href":"https:\/\/www.gullholmsbaden.se\/index.php?rest_route=\/wp\/v2\/pages\/31\/revisions"}],"predecessor-version":[{"id":8207,"href":"https:\/\/www.gullholmsbaden.se\/index.php?rest_route=\/wp\/v2\/pages\/31\/revisions\/8207"}],"wp:attachment":[{"href":"https:\/\/www.gullholmsbaden.se\/index.php?rest_route=%2Fwp%2Fv2%2Fmedia&parent=31"}],"curies":[{"name":"wp","href":"https:\/\/api.w.org\/{rel}","templated":true}]}}