{"id":360,"date":"2021-10-20T13:42:02","date_gmt":"2021-10-20T11:42:02","guid":{"rendered":"https:\/\/www.gullholmsbaden.se\/?page_id=360"},"modified":"2026-04-14T21:55:25","modified_gmt":"2026-04-14T19:55:25","slug":"aktiviteter","status":"publish","type":"page","link":"https:\/\/www.gullholmsbaden.se\/?page_id=360","title":{"rendered":"Aktiviteter"},"content":{"rendered":"<!--themify_builder_static--><h1>Aktiviteter<br\/><\/h1>\n<h2>Gullholmen erbjuder en m\u00e4ngd aktiviteter<br\/><\/h2>\n<img loading=\"lazy\" decoding=\"async\" src=\"http:\/\/www.gullholmsbaden.se\/excelsior\/wp-content\/uploads\/2021\/10\/gullholmsbaden-konferens-bastu.jpg\" width=\"1000\" height=\"690\">\n<img loading=\"lazy\" decoding=\"async\" src=\"http:\/\/www.gullholmsbaden.se\/excelsior\/wp-content\/uploads\/2021\/11\/icon-Skepparhuset-1.png\" width=\"100\" height=\"94\">\n<h4><strong>Skepparhuset<\/strong><\/h4>\n<p>\u00c4kta skepparhem fr\u00e5n 1893 med tillh\u00f6rande sj\u00f6bod. Allt fr\u00e5n porslinsdockor till l\u00e5ngkalsonger g\u00e5r att besk\u00e5da.<\/p> <p><strong>Intr\u00e4de 50:-\/person<\/strong><br><strong>Barn i m\u00e5lsmans s\u00e4llskap gratis<\/strong><br><strong>Gruppvisning 600:- <\/strong><\/p> <p><em>(Upp till 20 personer. D\u00e4refter 40:-\/person)<\/em><\/p> <p><a href=\"https:\/\/eur02.safelinks.protection.outlook.com\/?url=https%3A%2F%2Fmaps.app.goo.gl%2Fwb8m2iZjt2DHTMBz9&amp;data=05%7C02%7Cgullholmen%40hsb.se%7C526aeb9f132f4b653f8f08de7e9769f1%7C8876461b3d6448b488a8e7d81cbc3d1d%7C0%7C0%7C639087385819190528%7CUnknown%7CTWFpbGZsb3d8eyJFbXB0eU1hcGkiOnRydWUsIlYiOiIwLjAuMDAwMCIsIlAiOiJXaW4zMiIsIkFOIjoiTWFpbCIsIldUIjoyfQ%3D%3D%7C0%7C%7C%7C&amp;sdata=vyyRk5LN596Vk5UvBPBm2ki1pcOuS2HclTFeDffZq7o%3D&amp;reserved=0\">https:\/\/eur02.safelinks.protection.outlook.com\/?url=https%3A%2F%2Fmaps.app.goo.gl%2Fwb8m2iZjt2DHTMBz9&amp;data=05%7C02%7Cgullholmen%40hsb.se%7C526aeb9f132f4b653f8f08de7e9769f1%7C8876461b3d6448b488a8e7d81cbc3d1d%7C0%7C0%7C639087385819190528%7CUnknown%7CTWFpbGZsb3d8eyJFbXB0eU1hcGkiOnRydWUsIlYiOiIwLjAuMDAwMCIsIlAiOiJXaW4zMiIsIkFOIjoiTWFpbCIsIldUIjoyfQ%3D%3D%7C0%7C%7C%7C&amp;sdata=vyyRk5LN596Vk5UvBPBm2ki1pcOuS2HclTFeDffZq7o%3D&amp;reserved=0<\/a><\/p>\n<a href=\"http:\/\/www.skepparhuset.se\/\" target=\"_blank\" rel=\"noopener\"> Bes\u00f6k skepparhuset <\/a>\n<img loading=\"lazy\" decoding=\"async\" src=\"http:\/\/www.gullholmsbaden.se\/excelsior\/wp-content\/uploads\/2021\/11\/icon-museum-1.png\" width=\"100\" height=\"94\">\n<h4><strong>Konstmus\u00e9et<\/strong><\/h4>\n<p>V\u00e4l m\u00f6tt till en annorlunda konstupplevelse i skeppar- och fiskel\u00e4gesmilj\u00f6 p\u00e5 Gullholmen och Lilla Herman\u00f6.<\/p> <p><strong>Intr\u00e4de 50:- \/ person<\/strong><\/p> <p>Barn i m\u00e5lsmans s\u00e4llskap gratis, Gruppvisning 600:-<\/p><p><br><em><a href=\"https:\/\/eur02.safelinks.protection.outlook.com\/?url=https%3A%2F%2Fmaps.app.goo.gl%2FdmGweVDJDmK66yLU6&amp;data=05%7C02%7Cgullholmen%40hsb.se%7C784e55e75d2d41e0716908de7e97f9bd%7C8876461b3d6448b488a8e7d81cbc3d1d%7C0%7C0%7C639087388199797116%7CUnknown%7CTWFpbGZsb3d8eyJFbXB0eU1hcGkiOnRydWUsIlYiOiIwLjAuMDAwMCIsIlAiOiJXaW4zMiIsIkFOIjoiTWFpbCIsIldUIjoyfQ%3D%3D%7C0%7C%7C%7C&amp;sdata=SfcTQiYbvEjsDIsp5APjCDzWqUUlkal8bbmO2PQseYw%3D&amp;reserved=0\">https:\/\/eur02.safelinks.protection.outlook.com\/?url=https%3A%2F%2Fmaps.app.goo.gl%2FdmGweVDJDmK66yLU6&amp;data=05%7C02%7Cgullholmen%40hsb.se%7C784e55e75d2d41e0716908de7e97f9bd%7C8876461b3d6448b488a8e7d81cbc3d1d%7C0%7C0%7C639087388199797116%7CUnknown%7CTWFpbGZsb3d8eyJFbXB0eU1hcGkiOnRydWUsIlYiOiIwLjAuMDAwMCIsIlAiOiJXaW4zMiIsIkFOIjoiTWFpbCIsIldUIjoyfQ%3D%3D%7C0%7C%7C%7C&amp;sdata=SfcTQiYbvEjsDIsp5APjCDzWqUUlkal8bbmO2PQseYw%3D&amp;reserved=0<\/a>(Upp till 20 personer. D\u00e4refter 40:-\/person)<\/em><\/p>\n<a href=\"http:\/\/www.gullholmenkonstmus.se\/\" target=\"_blank\" rel=\"noopener\"> Bes\u00f6k konstmus\u00e9et <\/a>\n<img loading=\"lazy\" decoding=\"async\" src=\"http:\/\/www.gullholmsbaden.se\/excelsior\/wp-content\/uploads\/2021\/11\/icon-bastu-1.png\" width=\"100\" height=\"94\">\n<h4><strong>Bastu<\/strong><\/h4>\n<p>V\u00e5r fina bastu som ligger med utsikt \u00f6ver havet och du kan snabbt hoppa i vattnet f\u00f6r att l\u00e4tt \u00e5ter s\u00e4tta dig i v\u00e4rmen i bastun.<\/p> <p><strong>Bastun bokas i v\u00e5r reception och ni hyr 1h f\u00f6r 300:-.<\/strong><\/p>\n\n\n\n<img loading=\"lazy\" decoding=\"async\" src=\"http:\/\/www.gullholmsbaden.se\/excelsior\/wp-content\/uploads\/2021\/11\/icon-minigolf-1.png\" width=\"100\" height=\"94\">\n<h4><strong>Minigolf<\/strong><\/h4>\n<p>I receptionen kan man hyra klubbor f\u00f6r att spela minigolf p\u00e5 v\u00e5r bana.<br \/><strong>40:-\/person<\/strong><\/p>\n<img loading=\"lazy\" decoding=\"async\" src=\"http:\/\/www.gullholmsbaden.se\/excelsior\/wp-content\/uploads\/2021\/11\/icon-rundvandring-1.png\" width=\"100\" height=\"94\">\n<h4><strong>Rundvandring p\u00e5 Gullholmen<\/strong><\/h4>\n<p>F\u00f6r mer information kontakta Sune eller Ann p\u00e5 0304-57070.&nbsp;<\/p><!--\/themify_builder_static-->\r\n<p><\/p>","protected":false},"excerpt":{"rendered":"","protected":false},"author":1,"featured_media":0,"parent":0,"menu_order":0,"comment_status":"closed","ping_status":"closed","template":"","meta":{"footnotes":""},"class_list":["post-360","page","type-page","status-publish","hentry","has-post-title","has-post-date","has-post-category","has-post-tag","has-post-comment","has-post-author",""],"_links":{"self":[{"href":"https:\/\/www.gullholmsbaden.se\/index.php?rest_route=\/wp\/v2\/pages\/360","targetHints":{"allow":["GET"]}}],"collection":[{"href":"https:\/\/www.gullholmsbaden.se\/index.php?rest_route=\/wp\/v2\/pages"}],"about":[{"href":"https:\/\/www.gullholmsbaden.se\/index.php?rest_route=\/wp\/v2\/types\/page"}],"author":[{"embeddable":true,"href":"https:\/\/www.gullholmsbaden.se\/index.php?rest_route=\/wp\/v2\/users\/1"}],"replies":[{"embeddable":true,"href":"https:\/\/www.gullholmsbaden.se\/index.php?rest_route=%2Fwp%2Fv2%2Fcomments&post=360"}],"version-history":[{"count":162,"href":"https:\/\/www.gullholmsbaden.se\/index.php?rest_route=\/wp\/v2\/pages\/360\/revisions"}],"predecessor-version":[{"id":8272,"href":"https:\/\/www.gullholmsbaden.se\/index.php?rest_route=\/wp\/v2\/pages\/360\/revisions\/8272"}],"wp:attachment":[{"href":"https:\/\/www.gullholmsbaden.se\/index.php?rest_route=%2Fwp%2Fv2%2Fmedia&parent=360"}],"curies":[{"name":"wp","href":"https:\/\/api.w.org\/{rel}","templated":true}]}}