{"id":6253,"date":"2025-06-11T11:19:36","date_gmt":"2025-06-11T09:19:36","guid":{"rendered":"https:\/\/www.gullholmsbaden.se\/?page_id=6253"},"modified":"2025-07-02T10:59:44","modified_gmt":"2025-07-02T08:59:44","slug":"om-oss","status":"publish","type":"page","link":"https:\/\/www.gullholmsbaden.se\/?page_id=6253","title":{"rendered":"Om oss"},"content":{"rendered":"<p><!--themify_builder_static--><\/p>\n<h1>Om Gullholmsbaden<\/h1>\n<p data-start=\"70\" data-end=\"327\">Gullholmsbaden \u00e4r en unik destination bel\u00e4gen vid strandkanten p\u00e5 vackra Gullholmen &#8211; en av v\u00e4stkustens mest pittoreska \u00f6ar. H\u00e4r m\u00f6ts hav, himmel och klippor i en harmonisk helhet som bjuder in till avkoppling, gemenskap och naturn\u00e4ra upplevelser \u00e5ret runt.<\/p>\n<p data-start=\"329\" data-end=\"652\">Anl\u00e4ggningen erbjuder 69 fullt utrustade stugor, m\u00e5nga med havsutsikt och n\u00e4rhet till bad, bryggor och promenadstr\u00e5k. Med ett brett utbud av aktiviteter, god mat i restaurangen och m\u00f6jlighet till b\u00e5de konferenser och privata sammankomster \u00e4r Gullholmsbaden en plats som passar s\u00e5v\u00e4l familjesemestern som f\u00f6retagets retreat.<\/p>\n<p data-start=\"654\" data-end=\"792\">Gullholmsbaden pr\u00e4glas av enkelhet, omtanke och genuin sk\u00e4rg\u00e5rdsk\u00e4nsla &#8211; en plats att komma till f\u00f6r att andas ut, ladda om och bara vara.<\/p>\n<p><!--\/themify_builder_static--><\/p>\n","protected":false},"excerpt":{"rendered":"<p>Om Gullholmsbaden Gullholmsbaden \u00e4r en unik destination bel\u00e4gen vid strandkanten p\u00e5 vackra Gullholmen &#8211; en av v\u00e4stkustens mest pittoreska \u00f6ar. H\u00e4r m\u00f6ts hav, himmel och klippor i en harmonisk helhet som bjuder in till avkoppling, gemenskap och naturn\u00e4ra upplevelser \u00e5ret runt. Anl\u00e4ggningen erbjuder 69 fullt utrustade stugor, m\u00e5nga med havsutsikt och n\u00e4rhet till bad, bryggor [&hellip;]<\/p>\n","protected":false},"author":4,"featured_media":0,"parent":0,"menu_order":0,"comment_status":"closed","ping_status":"closed","template":"","meta":{"footnotes":""},"class_list":["post-6253","page","type-page","status-publish","hentry","has-post-title","has-post-date","has-post-category","has-post-tag","has-post-comment","has-post-author",""],"_links":{"self":[{"href":"https:\/\/www.gullholmsbaden.se\/index.php?rest_route=\/wp\/v2\/pages\/6253","targetHints":{"allow":["GET"]}}],"collection":[{"href":"https:\/\/www.gullholmsbaden.se\/index.php?rest_route=\/wp\/v2\/pages"}],"about":[{"href":"https:\/\/www.gullholmsbaden.se\/index.php?rest_route=\/wp\/v2\/types\/page"}],"author":[{"embeddable":true,"href":"https:\/\/www.gullholmsbaden.se\/index.php?rest_route=\/wp\/v2\/users\/4"}],"replies":[{"embeddable":true,"href":"https:\/\/www.gullholmsbaden.se\/index.php?rest_route=%2Fwp%2Fv2%2Fcomments&post=6253"}],"version-history":[{"count":14,"href":"https:\/\/www.gullholmsbaden.se\/index.php?rest_route=\/wp\/v2\/pages\/6253\/revisions"}],"predecessor-version":[{"id":6589,"href":"https:\/\/www.gullholmsbaden.se\/index.php?rest_route=\/wp\/v2\/pages\/6253\/revisions\/6589"}],"wp:attachment":[{"href":"https:\/\/www.gullholmsbaden.se\/index.php?rest_route=%2Fwp%2Fv2%2Fmedia&parent=6253"}],"curies":[{"name":"wp","href":"https:\/\/api.w.org\/{rel}","templated":true}]}}