{"id":6273,"date":"2025-06-11T11:23:49","date_gmt":"2025-06-11T09:23:49","guid":{"rendered":"https:\/\/www.gullholmsbaden.se\/?page_id=6273"},"modified":"2026-01-14T12:15:02","modified_gmt":"2026-01-14T11:15:02","slug":"bokning","status":"publish","type":"page","link":"https:\/\/www.gullholmsbaden.se\/?page_id=6273","title":{"rendered":"Bokning"},"content":{"rendered":"<p><!--themify_builder_static--><\/p>\n<h1>Bokning och priser 2026<\/h1>\n<h3>Stugpriser 2026<\/h3>\n<ul>\n<li>\n<h4>L\u00e5gs\u00e4song (v. 45-17) Ej p\u00e5sk<\/h4>\n<p>Dygn 1 550:-<\/p>\n<p>Helg 2 122:-<\/p>\n<p>Vecka 3 391:-<\/li>\n<li>\n<h4>Mellans\u00e4song (v.18-24, v.34-44) Samt veckan p\u00e5sk infaller<\/h4>\n<h3>Mellans\u00e4song (v. 18-24, v.34-44)<\/h3>\n<p>Dygn 1 922:-<\/p>\n<p>Helg 2 835:-<\/p>\n<p>Vecka 6 734:-<\/li>\n<li>\n<h4>H\u00f6gs\u00e4song (v.25-33)<\/h4>\n<p>Dygn 2 511:-<\/p>\n<p>Helg 4 779:-<\/p>\n<p>Vecka 10 444:-<\/li>\n<\/ul>\n<p>Dygn 1 550:-<\/p>\n<p>Helg 2 122:-<\/p>\n<p>Vecka 3 391:-<\/p>\n<h3>Mellans\u00e4song (v. 18-24, v.34-44)<\/h3>\n<p>Dygn 1 922:-<\/p>\n<p>Helg 2 835:-<\/p>\n<p>Vecka 6 734:-<\/p>\n<p>Dygn 2 511:-<\/p>\n<p>Helg 4 779:-<\/p>\n<p>Vecka 10 444:-<\/p>\n<h3>Bokningsformul\u00e4r<\/h3>\n<p>\n<div class=\"wpcf7 no-js\" id=\"wpcf7-f758-o1\" lang=\"sv-SE\" dir=\"ltr\" data-wpcf7-id=\"758\">\n<div class=\"screen-reader-response\"><p role=\"status\" aria-live=\"polite\" aria-atomic=\"true\"><\/p> <ul><\/ul><\/div>\n<form action=\"\/index.php?rest_route=%2Fwp%2Fv2%2Fpages%2F6273#wpcf7-f758-o1\" method=\"post\" class=\"wpcf7-form init\" aria-label=\"Kontaktformul\u00e4r\" novalidate=\"novalidate\" data-status=\"init\">\n<fieldset class=\"hidden-fields-container\"><input type=\"hidden\" name=\"_wpcf7\" value=\"758\" \/><input type=\"hidden\" name=\"_wpcf7_version\" value=\"6.1.5\" \/><input type=\"hidden\" name=\"_wpcf7_locale\" value=\"sv_SE\" \/><input type=\"hidden\" name=\"_wpcf7_unit_tag\" value=\"wpcf7-f758-o1\" \/><input type=\"hidden\" name=\"_wpcf7_container_post\" value=\"0\" \/><input type=\"hidden\" name=\"_wpcf7_posted_data_hash\" value=\"\" \/><input type=\"hidden\" name=\"_wpcf7_recaptcha_response\" value=\"\" \/>\n<\/fieldset>\n<p><label> Namn*<br \/>\n<span class=\"wpcf7-form-control-wrap\" data-name=\"your-name\"><input size=\"40\" maxlength=\"400\" class=\"wpcf7-form-control wpcf7-text wpcf7-validates-as-required\" aria-required=\"true\" aria-invalid=\"false\" value=\"\" type=\"text\" name=\"your-name\" \/><\/span> <\/label>\n<\/p>\n<p><label> Email*<br \/>\n<span class=\"wpcf7-form-control-wrap\" data-name=\"your-email\"><input size=\"40\" maxlength=\"400\" class=\"wpcf7-form-control wpcf7-email wpcf7-validates-as-required wpcf7-text wpcf7-validates-as-email\" aria-required=\"true\" aria-invalid=\"false\" value=\"\" type=\"email\" name=\"your-email\" \/><\/span> <\/label>\n<\/p>\n<p><label> Telefonnummer*<br \/>\n<span class=\"wpcf7-form-control-wrap\" data-name=\"Tel\"><input size=\"40\" maxlength=\"400\" class=\"wpcf7-form-control wpcf7-tel wpcf7-validates-as-required wpcf7-text wpcf7-validates-as-tel\" aria-required=\"true\" aria-invalid=\"false\" value=\"\" type=\"tel\" name=\"Tel\" \/><\/span><\/label>\n<\/p>\n<p><label> Meddelande*<br \/>\n<span class=\"wpcf7-form-control-wrap\" data-name=\"your-message\"><textarea cols=\"40\" rows=\"10\" maxlength=\"2000\" class=\"wpcf7-form-control wpcf7-textarea wpcf7-validates-as-required\" aria-required=\"true\" aria-invalid=\"false\" name=\"your-message\"><\/textarea><\/span> <\/label>\n<\/p>\n\n<p><span class=\"wpcf7-form-control-wrap\" data-name=\"acceptance-539\"><span class=\"wpcf7-form-control wpcf7-acceptance\"><span class=\"wpcf7-list-item\"><label><input type=\"checkbox\" name=\"acceptance-539\" value=\"1\" aria-invalid=\"false\" \/><span class=\"wpcf7-list-item-label\">Jag har l\u00e4st och godk\u00e4nner <a href=\"https:\/\/www.gullholmsbaden.se\/integritetspolicy\/\"> integritetspolicyn.<\/a> *<\/span><\/label><\/span><\/span><\/span>\n<\/p>\n<p><input class=\"wpcf7-form-control wpcf7-submit has-spinner\" type=\"submit\" value=\"Skicka\" \/>\n<\/p><p style=\"display: none !important;\" class=\"akismet-fields-container\" data-prefix=\"_wpcf7_ak_\"><label>&#916;<textarea name=\"_wpcf7_ak_hp_textarea\" cols=\"45\" rows=\"8\" maxlength=\"100\"><\/textarea><\/label><input type=\"hidden\" id=\"ak_js_1\" name=\"_wpcf7_ak_js\" value=\"122\"\/><script>\ndocument.getElementById( \"ak_js_1\" ).setAttribute( \"value\", ( new Date() ).getTime() );\n<\/script>\n<\/p><div class=\"wpcf7-response-output\" aria-hidden=\"true\"><\/div>\n<\/form>\n<\/div>\n<!--\/themify_builder_static--><\/p>\n","protected":false},"excerpt":{"rendered":"<p>Bokning och priser 2026 Stugpriser 2026 L\u00e5gs\u00e4song (v. 45-17) Ej p\u00e5sk Dygn 1 550:- Helg 2 122:- Vecka 3 391:- Mellans\u00e4song (v.18-24, v.34-44) Samt veckan p\u00e5sk infaller Mellans\u00e4song (v. 18-24, v.34-44) Dygn 1 922:- Helg 2 835:- Vecka 6 734:- H\u00f6gs\u00e4song (v.25-33) Dygn 2 511:- Helg 4 779:- Vecka 10 444:- Dygn 1 550:- Helg [&hellip;]<\/p>\n","protected":false},"author":4,"featured_media":0,"parent":0,"menu_order":0,"comment_status":"closed","ping_status":"closed","template":"","meta":{"footnotes":""},"class_list":["post-6273","page","type-page","status-publish","hentry","has-post-title","has-post-date","has-post-category","has-post-tag","has-post-comment","has-post-author",""],"_links":{"self":[{"href":"https:\/\/www.gullholmsbaden.se\/index.php?rest_route=\/wp\/v2\/pages\/6273","targetHints":{"allow":["GET"]}}],"collection":[{"href":"https:\/\/www.gullholmsbaden.se\/index.php?rest_route=\/wp\/v2\/pages"}],"about":[{"href":"https:\/\/www.gullholmsbaden.se\/index.php?rest_route=\/wp\/v2\/types\/page"}],"author":[{"embeddable":true,"href":"https:\/\/www.gullholmsbaden.se\/index.php?rest_route=\/wp\/v2\/users\/4"}],"replies":[{"embeddable":true,"href":"https:\/\/www.gullholmsbaden.se\/index.php?rest_route=%2Fwp%2Fv2%2Fcomments&post=6273"}],"version-history":[{"count":42,"href":"https:\/\/www.gullholmsbaden.se\/index.php?rest_route=\/wp\/v2\/pages\/6273\/revisions"}],"predecessor-version":[{"id":7758,"href":"https:\/\/www.gullholmsbaden.se\/index.php?rest_route=\/wp\/v2\/pages\/6273\/revisions\/7758"}],"wp:attachment":[{"href":"https:\/\/www.gullholmsbaden.se\/index.php?rest_route=%2Fwp%2Fv2%2Fmedia&parent=6273"}],"curies":[{"name":"wp","href":"https:\/\/api.w.org\/{rel}","templated":true}]}}