{"id":6275,"date":"2025-06-11T11:24:16","date_gmt":"2025-06-11T09:24:16","guid":{"rendered":"https:\/\/www.gullholmsbaden.se\/?page_id=6275"},"modified":"2026-04-30T15:53:30","modified_gmt":"2026-04-30T13:53:30","slug":"aktuell-meny","status":"publish","type":"page","link":"https:\/\/www.gullholmsbaden.se\/?page_id=6275","title":{"rendered":"Aktuell meny"},"content":{"rendered":"<p><!--themify_builder_static--><\/p>\n<h1>Aktuell meny &#8211; Helg<br \/><\/h1>\n<p><img decoding=\"async\" src=\"https:\/\/www.gullholmsbaden.se\/wp-content\/uploads\/2025\/07\/IMG_1001.jpeg\" title=\"IMG_1001\" alt=\"IMG_1001\" srcset=\"https:\/\/www.gullholmsbaden.se\/wp-content\/uploads\/2025\/07\/IMG_1001.jpeg 960w, https:\/\/www.gullholmsbaden.se\/wp-content\/uploads\/2025\/07\/IMG_1001-300x300.jpeg 300w, https:\/\/www.gullholmsbaden.se\/wp-content\/uploads\/2025\/07\/IMG_1001-150x150.jpeg 150w, https:\/\/www.gullholmsbaden.se\/wp-content\/uploads\/2025\/07\/IMG_1001-768x768.jpeg 768w\" sizes=\"(max-width: 960px) 100vw, 960px\" \/><\/p>\n<h2>F\u00f6rr\u00e4tter<br \/><\/h2>\n<p>Klassisk Toast Skagen &#8211; 139:-<\/p>\n<h2>Huvudr\u00e4tter<br \/><\/h2>\n<p>R\u00e4kmacka Hel &#8211; 269:- Halv &#8211; 239:-<br \/>Fisk- och skaldjurssoppa toppas med r\u00e4kor samt aioli serveras med vitl\u00f6ksbr\u00f6d &#8211; 239:-<br \/>Fish and chips &#8211; 198:-<br \/>H\u00e4rman\u00f6burgare serveras med dressing, sallad, tomat, cheddar, bacon, saltgurka, pommes frites samt coleslaw &#8211; 249:-<br \/><strong>Grillostburgare<\/strong> serveras med dressing, sallad, tomat, saltgurka, pommes frites samt coleslaw &#8211; 249:-<br \/><b>Helstekt R\u00f6dsp\u00e4tta <\/b>serveras med kokt potatis, brynta champinjoner, pepparrot, handskalade r\u00e4kor samt brynt sm\u00f6r &#8211; 319:-<\/p>\n<h2>Desserter<br \/><\/h2>\n<p>Cr\u00e8me Br\u00fbl\u00e9e serveras med hallonsorbet &#8211; 98:-<\/p>\n<h2>Barnmeny<br \/><\/h2>\n<p>Hamburgare serveras med pommes &#8211; 98:-<br \/>Fish and chips &#8211; 98:-<br \/>Ing\u00e5r festis och pinnglass!<\/p>\n<p><!--\/themify_builder_static--><\/p>\n","protected":false},"excerpt":{"rendered":"<p>Aktuell meny &#8211; Helg F\u00f6rr\u00e4tter Klassisk Toast Skagen &#8211; 139:- Huvudr\u00e4tter R\u00e4kmacka Hel &#8211; 269:- Halv &#8211; 239:-Fisk- och skaldjurssoppa toppas med r\u00e4kor samt aioli serveras med vitl\u00f6ksbr\u00f6d &#8211; 239:-Fish and chips &#8211; 198:-H\u00e4rman\u00f6burgare serveras med dressing, sallad, tomat, cheddar, bacon, saltgurka, pommes frites samt coleslaw &#8211; 249:-Grillostburgare serveras med dressing, sallad, tomat, saltgurka, pommes [&hellip;]<\/p>\n","protected":false},"author":4,"featured_media":0,"parent":0,"menu_order":0,"comment_status":"closed","ping_status":"closed","template":"","meta":{"footnotes":""},"class_list":["post-6275","page","type-page","status-publish","hentry","has-post-title","has-post-date","has-post-category","has-post-tag","has-post-comment","has-post-author",""],"_links":{"self":[{"href":"https:\/\/www.gullholmsbaden.se\/index.php?rest_route=\/wp\/v2\/pages\/6275","targetHints":{"allow":["GET"]}}],"collection":[{"href":"https:\/\/www.gullholmsbaden.se\/index.php?rest_route=\/wp\/v2\/pages"}],"about":[{"href":"https:\/\/www.gullholmsbaden.se\/index.php?rest_route=\/wp\/v2\/types\/page"}],"author":[{"embeddable":true,"href":"https:\/\/www.gullholmsbaden.se\/index.php?rest_route=\/wp\/v2\/users\/4"}],"replies":[{"embeddable":true,"href":"https:\/\/www.gullholmsbaden.se\/index.php?rest_route=%2Fwp%2Fv2%2Fcomments&post=6275"}],"version-history":[{"count":54,"href":"https:\/\/www.gullholmsbaden.se\/index.php?rest_route=\/wp\/v2\/pages\/6275\/revisions"}],"predecessor-version":[{"id":8420,"href":"https:\/\/www.gullholmsbaden.se\/index.php?rest_route=\/wp\/v2\/pages\/6275\/revisions\/8420"}],"wp:attachment":[{"href":"https:\/\/www.gullholmsbaden.se\/index.php?rest_route=%2Fwp%2Fv2%2Fmedia&parent=6275"}],"curies":[{"name":"wp","href":"https:\/\/api.w.org\/{rel}","templated":true}]}}