{"id":6283,"date":"2025-06-11T11:26:14","date_gmt":"2025-06-11T09:26:14","guid":{"rendered":"https:\/\/www.gullholmsbaden.se\/?page_id=6283"},"modified":"2026-04-29T12:55:14","modified_gmt":"2026-04-29T10:55:14","slug":"hantverkarlunch","status":"publish","type":"page","link":"https:\/\/www.gullholmsbaden.se\/?page_id=6283","title":{"rendered":"Hantverkarlunch"},"content":{"rendered":"<p><!--themify_builder_static--><\/p>\n<h1>Hantverkarlunch<br \/><\/h1>\n<h4>Hantverkarlunchen har uppeh\u00e5ll mellan veckorna 25 &#8211; 33.<\/h4>\n<h4>Under denna period har restaurangen \u00f6ppet alla dagar.&nbsp;<\/h4>\n<h4>Hantverkarlunchen m\u00e5ste best\u00e4llas SENAST dagen innan och serveras helgfri m\u00e5ndag-fredag 12:00-14.00.<br \/>Vi serverar endast en r\u00e4tt&nbsp; inklusive sallad, br\u00f6d och kaffe.<br \/>Specialkost \u00e4r tillg\u00e4ngligt vid f\u00f6rfr\u00e5gan. Det g\u00e5r bra att tala in bordsbokning via telesvar om vi g\u00e5tt f\u00f6r dagen. Ange d\u00e5 namn, datum, antal, tid och telefonnummer<\/h4>\n<h4>PRIS: 135:-<\/h4>\n<p><img loading=\"lazy\" decoding=\"async\" src=\"https:\/\/www.gullholmsbaden.se\/excelsior\/wp-content\/uploads\/2025\/06\/1650-1-scaled.jpg\" width=\"2560\" height=\"1707\"><!--\/themify_builder_static--><\/p>\n","protected":false},"excerpt":{"rendered":"<p>Hantverkarlunch Hantverkarlunchen har uppeh\u00e5ll mellan veckorna 25 &#8211; 33. Under denna period har restaurangen \u00f6ppet alla dagar.&nbsp; Hantverkarlunchen m\u00e5ste best\u00e4llas SENAST dagen innan och serveras helgfri m\u00e5ndag-fredag 12:00-14.00.Vi serverar endast en r\u00e4tt&nbsp; inklusive sallad, br\u00f6d och kaffe.Specialkost \u00e4r tillg\u00e4ngligt vid f\u00f6rfr\u00e5gan. Det g\u00e5r bra att tala in bordsbokning via telesvar om vi g\u00e5tt f\u00f6r dagen. [&hellip;]<\/p>\n","protected":false},"author":4,"featured_media":0,"parent":0,"menu_order":0,"comment_status":"closed","ping_status":"closed","template":"","meta":{"footnotes":""},"class_list":["post-6283","page","type-page","status-publish","hentry","has-post-title","has-post-date","has-post-category","has-post-tag","has-post-comment","has-post-author",""],"_links":{"self":[{"href":"https:\/\/www.gullholmsbaden.se\/index.php?rest_route=\/wp\/v2\/pages\/6283","targetHints":{"allow":["GET"]}}],"collection":[{"href":"https:\/\/www.gullholmsbaden.se\/index.php?rest_route=\/wp\/v2\/pages"}],"about":[{"href":"https:\/\/www.gullholmsbaden.se\/index.php?rest_route=\/wp\/v2\/types\/page"}],"author":[{"embeddable":true,"href":"https:\/\/www.gullholmsbaden.se\/index.php?rest_route=\/wp\/v2\/users\/4"}],"replies":[{"embeddable":true,"href":"https:\/\/www.gullholmsbaden.se\/index.php?rest_route=%2Fwp%2Fv2%2Fcomments&post=6283"}],"version-history":[{"count":37,"href":"https:\/\/www.gullholmsbaden.se\/index.php?rest_route=\/wp\/v2\/pages\/6283\/revisions"}],"predecessor-version":[{"id":8407,"href":"https:\/\/www.gullholmsbaden.se\/index.php?rest_route=\/wp\/v2\/pages\/6283\/revisions\/8407"}],"wp:attachment":[{"href":"https:\/\/www.gullholmsbaden.se\/index.php?rest_route=%2Fwp%2Fv2%2Fmedia&parent=6283"}],"curies":[{"name":"wp","href":"https:\/\/api.w.org\/{rel}","templated":true}]}}