{"id":7185,"date":"2025-08-25T16:11:57","date_gmt":"2025-08-25T14:11:57","guid":{"rendered":"https:\/\/www.gullholmsbaden.se\/?page_id=7185"},"modified":"2025-08-25T16:11:57","modified_gmt":"2025-08-25T14:11:57","slug":"aktuell-meny-2","status":"publish","type":"page","link":"https:\/\/www.gullholmsbaden.se\/?page_id=7185&lang=en","title":{"rendered":"Current menu"},"content":{"rendered":"<p><!--themify_builder_static--><\/p>\n<h1>Current menu<br \/><\/h1>\n<p><img decoding=\"async\" src=\"https:\/\/www.gullholmsbaden.se\/wp-content\/uploads\/2025\/07\/IMG_1001.jpeg\" title=\"IMG_1001\" alt=\"IMG_1001\" srcset=\"https:\/\/www.gullholmsbaden.se\/wp-content\/uploads\/2025\/07\/IMG_1001.jpeg 960w, https:\/\/www.gullholmsbaden.se\/wp-content\/uploads\/2025\/07\/IMG_1001-300x300.jpeg 300w, https:\/\/www.gullholmsbaden.se\/wp-content\/uploads\/2025\/07\/IMG_1001-150x150.jpeg 150w, https:\/\/www.gullholmsbaden.se\/wp-content\/uploads\/2025\/07\/IMG_1001-768x768.jpeg 768w\" sizes=\"(max-width: 960px) 100vw, 960px\" \/><\/p>\n<h2>Starters<br \/><\/h2>\n<p><strong data-start=\"61\" data-end=\"77\">TOAST SKAGEN<\/strong><br data-start=\"77\" data-end=\"80\">Creamy prawn salad with a hint of horseradish, served with lemon, pickled red onion, and fresh herbs<br data-start=\"180\" data-end=\"183\" data-is-only-node=\"\">139 SEK<\/p>\n<p data-start=\"52\" data-end=\"219\"><strong data-start=\"52\" data-end=\"78\">MATJES HERRING PLATTER<\/strong><br data-start=\"78\" data-end=\"81\">Served with sliced boiled potatoes, browned butter, finely chopped red onion, boiled egg, grated V\u00e4sterbotten cheese, and dill<br data-start=\"207\" data-end=\"210\">139 SEK<\/p>\n<h2>Main courses<br \/><\/h2>\n<p data-start=\"78\" data-end=\"181\"><strong data-start=\"78\" data-end=\"96\">FISH &#8217;N&#8217; CHIPS<\/strong><br data-start=\"96\" data-end=\"99\">Served with pickled red onion, lemon, remoulade sauce, and fresh herbs<br data-start=\"169\" data-end=\"172\">189 SEK<\/p>\n<p data-start=\"183\" data-end=\"413\"><strong data-start=\"183\" data-end=\"221\">GULLHOLMSBADEN\u2019S XL PRAWN SANDWICH<\/strong><br data-start=\"221\" data-end=\"224\">Hand-peeled prawns on butter-fried levain bread, served with mayonnaise, lettuce, tomato, cucumber, asparagus, lemon, pickled red onion, and fresh herbs<br data-start=\"376\" data-end=\"379\">Half \/ Whole \u2013 239 SEK \/ 269 SEK<\/p>\n<p data-start=\"753\" data-end=\"982\"><strong data-start=\"753\" data-end=\"775\">HOUSE CHUCK BURGER<\/strong><br data-start=\"775\" data-end=\"778\">180 g chuck burger, served with burger dressing, pickled red onion, coleslaw, cheddar cheese, bacon, and French fries<br data-start=\"895\" data-end=\"898\">249 SEK<br data-start=\"905\" data-end=\"908\">Available as a lacto-ovo vegetarian option with grilled cheese \u2013 229 SEK<\/p>\n<h2>Desserts<br \/><\/h2>\n<p data-start=\"44\" data-end=\"104\"><strong data-start=\"44\" data-end=\"60\">CR\u00c8ME BR\u00dbL\u00c9E<\/strong><br data-start=\"60\" data-end=\"63\">Served with sorbet and berries<br data-start=\"93\" data-end=\"96\">98 SEK<\/p>\n<h2>Childrens menu<br \/><\/h2>\n<p data-start=\"49\" data-end=\"101\"><strong data-start=\"49\" data-end=\"99\">Festis soft drink and ice cream included<\/strong><\/p>\n<p data-start=\"103\" data-end=\"160\"><strong data-start=\"103\" data-end=\"122\">HAMBURGER PLATE<\/strong><br data-start=\"122\" data-end=\"125\" \/>Served with French fries<br data-start=\"149\" data-end=\"152\" \/>98 SEK<\/p>\n<p data-start=\"162\" data-end=\"238\"><strong data-start=\"162\" data-end=\"180\">FISH &#8217;N&#8217; CHIPS<\/strong><br data-start=\"180\" data-end=\"183\" \/>Served with French fries and remoulade sauce<br data-start=\"227\" data-end=\"230\" \/>98 SEK<\/p>\n<p><!--\/themify_builder_static--><\/p>\n","protected":false},"excerpt":{"rendered":"<p>Current menu Starters TOAST SKAGENCreamy prawn salad with a hint of horseradish, served with lemon, pickled red onion, and fresh herbs139 SEK MATJES HERRING PLATTERServed with sliced boiled potatoes, browned butter, finely chopped red onion, boiled egg, grated V\u00e4sterbotten cheese, and dill139 SEK Main courses FISH &#8217;N&#8217; CHIPSServed with pickled red onion, lemon, remoulade sauce, [&hellip;]<\/p>\n","protected":false},"author":4,"featured_media":0,"parent":0,"menu_order":0,"comment_status":"closed","ping_status":"closed","template":"","meta":{"footnotes":""},"class_list":["post-7185","page","type-page","status-publish","hentry","has-post-title","has-post-date","has-post-category","has-post-tag","has-post-comment","has-post-author",""],"_links":{"self":[{"href":"https:\/\/www.gullholmsbaden.se\/index.php?rest_route=\/wp\/v2\/pages\/7185","targetHints":{"allow":["GET"]}}],"collection":[{"href":"https:\/\/www.gullholmsbaden.se\/index.php?rest_route=\/wp\/v2\/pages"}],"about":[{"href":"https:\/\/www.gullholmsbaden.se\/index.php?rest_route=\/wp\/v2\/types\/page"}],"author":[{"embeddable":true,"href":"https:\/\/www.gullholmsbaden.se\/index.php?rest_route=\/wp\/v2\/users\/4"}],"replies":[{"embeddable":true,"href":"https:\/\/www.gullholmsbaden.se\/index.php?rest_route=%2Fwp%2Fv2%2Fcomments&post=7185"}],"version-history":[{"count":12,"href":"https:\/\/www.gullholmsbaden.se\/index.php?rest_route=\/wp\/v2\/pages\/7185\/revisions"}],"predecessor-version":[{"id":7289,"href":"https:\/\/www.gullholmsbaden.se\/index.php?rest_route=\/wp\/v2\/pages\/7185\/revisions\/7289"}],"wp:attachment":[{"href":"https:\/\/www.gullholmsbaden.se\/index.php?rest_route=%2Fwp%2Fv2%2Fmedia&parent=7185"}],"curies":[{"name":"wp","href":"https:\/\/api.w.org\/{rel}","templated":true}]}}